{"id":141,"date":"2020-09-17T20:40:54","date_gmt":"2020-09-17T18:40:54","guid":{"rendered":"https:\/\/test.poznanbrass.pl\/?page_id=141"},"modified":"2020-10-23T23:44:44","modified_gmt":"2020-10-23T21:44:44","slug":"galeria","status":"publish","type":"page","link":"https:\/\/www.poznanbrass.pl\/?page_id=141","title":{"rendered":"Galeria"},"content":{"rendered":"\n<p>Wybierz przedzia\u0142 czasowy z menu, aby przegl\u0105da\u0107 zdj\u0119cia.<\/p>\n","protected":false},"excerpt":{"rendered":"<p>Wybierz przedzia\u0142 czasowy z menu, aby przegl\u0105da\u0107 zdj\u0119cia.<\/p>\n","protected":false},"author":1,"featured_media":0,"parent":0,"menu_order":0,"comment_status":"closed","ping_status":"closed","template":"","meta":[],"_links":{"self":[{"href":"https:\/\/www.poznanbrass.pl\/index.php?rest_route=\/wp\/v2\/pages\/141"}],"collection":[{"href":"https:\/\/www.poznanbrass.pl\/index.php?rest_route=\/wp\/v2\/pages"}],"about":[{"href":"https:\/\/www.poznanbrass.pl\/index.php?rest_route=\/wp\/v2\/types\/page"}],"author":[{"embeddable":true,"href":"https:\/\/www.poznanbrass.pl\/index.php?rest_route=\/wp\/v2\/users\/1"}],"replies":[{"embeddable":true,"href":"https:\/\/www.poznanbrass.pl\/index.php?rest_route=%2Fwp%2Fv2%2Fcomments&post=141"}],"version-history":[{"count":8,"href":"https:\/\/www.poznanbrass.pl\/index.php?rest_route=\/wp\/v2\/pages\/141\/revisions"}],"predecessor-version":[{"id":536,"href":"https:\/\/www.poznanbrass.pl\/index.php?rest_route=\/wp\/v2\/pages\/141\/revisions\/536"}],"wp:attachment":[{"href":"https:\/\/www.poznanbrass.pl\/index.php?rest_route=%2Fwp%2Fv2%2Fmedia&parent=141"}],"curies":[{"name":"wp","href":"https:\/\/api.w.org\/{rel}","templated":true}]}}