{"id":300,"date":"2020-10-14T23:07:31","date_gmt":"2020-10-14T21:07:31","guid":{"rendered":"https:\/\/test.poznanbrass.pl\/?page_id=300"},"modified":"2023-04-15T15:37:40","modified_gmt":"2023-04-15T13:37:40","slug":"about-the-ensemble","status":"publish","type":"page","link":"https:\/\/www.poznanbrass.pl\/?page_id=300","title":{"rendered":"About the ensemble"},"content":{"rendered":"\n<p><strong>POZNA\u0143 BRASS<\/strong> is a brass quintet based in Pozna\u0144, Poland. Its current members are:<br>Pawe\u0142 Zadro\u017cniak, Mateusz Wo\u0142cza\u0144ski (trumpets), Damian Lotycz (french horn), Artur Mross (euphonium) and Jacek Kortylewicz (tuba) &#8211; who founded the group in 1990. Cooperating with some of Poland&#8217;s leading instrumentalists they also perform as a 10-piece ensemble. Their concert repertoire consists of masterpieces from all eras, including their original arrangements as well as works especially written for this kind of ensemble. In addition, the quintet plays other musical genres such as folk, jazz, along with film scores and marches. The group also uniquely performs and cultivates the tradition of little-known tower music. They were awarded 4th prize at the prestigious International Brass Quintet Competition in Moers. During its 33-year long existence, Pozna\u0144 Brass has given 1558 concerts in Poland, Spain, Germany (Berliner Dom), Czech Republic, Netherlands and Italy. They regularly take part in chamber music festivals, among others, in Wroc\u0142aw, Kamie\u0144 Pomorski, Le\u017cajsk, Duszniki Zdr\u00f3j and Ko\u0142obrzeg. They have made multiple recordings for Polish Radio and Television. The ensemble is also involved in education by organising concerts and workshops for young people.<\/p>\n","protected":false},"excerpt":{"rendered":"<p>POZNA\u0143 BRASS is a brass quintet based in Pozna\u0144, Poland. Its current members are:Pawe\u0142 Zadro\u017cniak, Mateusz Wo\u0142cza\u0144ski (trumpets), Damian Lotycz (french horn), Artur Mross (euphonium) and Jacek Kortylewicz (tuba) &#8211; who founded the group in 1990. Cooperating with some of Poland&#8217;s leading instrumentalists they also perform as a 10-piece ensemble. Their concert repertoire consists of &hellip; <\/p>\n<p class=\"link-more\"><a href=\"https:\/\/www.poznanbrass.pl\/?page_id=300\" class=\"more-link\">Czytaj dalej<span class=\"screen-reader-text\"> About the ensemble<\/span><\/a><\/p>\n","protected":false},"author":1,"featured_media":0,"parent":0,"menu_order":0,"comment_status":"closed","ping_status":"closed","template":"","meta":[],"_links":{"self":[{"href":"https:\/\/www.poznanbrass.pl\/index.php?rest_route=\/wp\/v2\/pages\/300"}],"collection":[{"href":"https:\/\/www.poznanbrass.pl\/index.php?rest_route=\/wp\/v2\/pages"}],"about":[{"href":"https:\/\/www.poznanbrass.pl\/index.php?rest_route=\/wp\/v2\/types\/page"}],"author":[{"embeddable":true,"href":"https:\/\/www.poznanbrass.pl\/index.php?rest_route=\/wp\/v2\/users\/1"}],"replies":[{"embeddable":true,"href":"https:\/\/www.poznanbrass.pl\/index.php?rest_route=%2Fwp%2Fv2%2Fcomments&post=300"}],"version-history":[{"count":4,"href":"https:\/\/www.poznanbrass.pl\/index.php?rest_route=\/wp\/v2\/pages\/300\/revisions"}],"predecessor-version":[{"id":648,"href":"https:\/\/www.poznanbrass.pl\/index.php?rest_route=\/wp\/v2\/pages\/300\/revisions\/648"}],"wp:attachment":[{"href":"https:\/\/www.poznanbrass.pl\/index.php?rest_route=%2Fwp%2Fv2%2Fmedia&parent=300"}],"curies":[{"name":"wp","href":"https:\/\/api.w.org\/{rel}","templated":true}]}}