{"id":333,"date":"2020-10-15T00:37:24","date_gmt":"2020-10-14T22:37:24","guid":{"rendered":"https:\/\/test.poznanbrass.pl\/?page_id=333"},"modified":"2021-06-14T09:55:31","modified_gmt":"2021-06-14T07:55:31","slug":"damian-lotycz","status":"publish","type":"page","link":"https:\/\/www.poznanbrass.pl\/?page_id=333","title":{"rendered":"Damian Lotycz &#8211; waltornia"},"content":{"rendered":"\n<div class=\"wp-block-media-text alignwide has-media-on-the-right is-stacked-on-mobile is-vertically-aligned-top\"><figure class=\"wp-block-media-text__media\"><img loading=\"lazy\" width=\"417\" height=\"417\" src=\"https:\/\/test.poznanbrass.pl\/wp-content\/uploads\/2020\/09\/damian_lotycz-edited.jpg\" alt=\"\" class=\"wp-image-107 size-full\" srcset=\"https:\/\/www.poznanbrass.pl\/wp-content\/uploads\/2020\/09\/damian_lotycz-edited.jpg 417w, https:\/\/www.poznanbrass.pl\/wp-content\/uploads\/2020\/09\/damian_lotycz-edited-300x300.jpg 300w, https:\/\/www.poznanbrass.pl\/wp-content\/uploads\/2020\/09\/damian_lotycz-edited-150x150.jpg 150w, https:\/\/www.poznanbrass.pl\/wp-content\/uploads\/2020\/09\/damian_lotycz-edited-100x100.jpg 100w\" sizes=\"(max-width: 417px) 100vw, 417px\" \/><\/figure><div class=\"wp-block-media-text__content\">\n<p>Damian Lotycz jest absolwentem Akademii Muzycznej w Poznaniu w klasie waltorni doktora Krzysztofa Stencla. B\u0119d\u0105c jeszcze studentem, rozpocz\u0105\u0142 prac\u0119 jako waltornista orkiestry Teatru Wielkiego w Poznaniu,  pozostaj\u0105c jej cz\u0142onkiem w latach 2009-2017. Bra\u0142 udzia\u0142 w licznych kursach mistrzowskich, prowadzonych m.in. przez: Edwarda Deskura, Igora Szeligowskiego, Tomasza Bi\u0144kowskiego, Kazimierza Macha\u0142\u0119 i Teunisa van der Zwarta. W latach 2008-2017 by\u0142 cz\u0142onkiem Orkiestry Miasta Poznania. Wsp\u00f3\u0142pracowa\u0142 z instytucjami takimi jak: Filharmonia Pozna\u0144ska, Filharmonia Gorzowska, Teatr Muzyczny w Poznaniu, Filharmonia w Jeleniej G\u00f3rze, Filharmonia Kaliska, Filharmonia Rzeszowska. Od 2018 roku jest muzykiem Orkiestry Reprezentacyjnej Si\u0142 Powietrznych w Poznaniu.<\/p>\n<\/div><\/div>\n","protected":false},"excerpt":{"rendered":"<p>Damian Lotycz jest absolwentem Akademii Muzycznej w Poznaniu w klasie waltorni doktora Krzysztofa Stencla. B\u0119d\u0105c jeszcze studentem, rozpocz\u0105\u0142 prac\u0119 jako waltornista orkiestry Teatru Wielkiego w Poznaniu, pozostaj\u0105c jej cz\u0142onkiem w latach 2009-2017. Bra\u0142 udzia\u0142 w licznych kursach mistrzowskich, prowadzonych m.in. przez: Edwarda Deskura, Igora Szeligowskiego, Tomasza Bi\u0144kowskiego, Kazimierza Macha\u0142\u0119 i Teunisa van der Zwarta. W &hellip; <\/p>\n<p class=\"link-more\"><a href=\"https:\/\/www.poznanbrass.pl\/?page_id=333\" class=\"more-link\">Czytaj dalej<span class=\"screen-reader-text\"> Damian Lotycz &#8211; waltornia<\/span><\/a><\/p>\n","protected":false},"author":1,"featured_media":0,"parent":0,"menu_order":0,"comment_status":"closed","ping_status":"closed","template":"","meta":[],"_links":{"self":[{"href":"https:\/\/www.poznanbrass.pl\/index.php?rest_route=\/wp\/v2\/pages\/333"}],"collection":[{"href":"https:\/\/www.poznanbrass.pl\/index.php?rest_route=\/wp\/v2\/pages"}],"about":[{"href":"https:\/\/www.poznanbrass.pl\/index.php?rest_route=\/wp\/v2\/types\/page"}],"author":[{"embeddable":true,"href":"https:\/\/www.poznanbrass.pl\/index.php?rest_route=\/wp\/v2\/users\/1"}],"replies":[{"embeddable":true,"href":"https:\/\/www.poznanbrass.pl\/index.php?rest_route=%2Fwp%2Fv2%2Fcomments&post=333"}],"version-history":[{"count":5,"href":"https:\/\/www.poznanbrass.pl\/index.php?rest_route=\/wp\/v2\/pages\/333\/revisions"}],"predecessor-version":[{"id":594,"href":"https:\/\/www.poznanbrass.pl\/index.php?rest_route=\/wp\/v2\/pages\/333\/revisions\/594"}],"wp:attachment":[{"href":"https:\/\/www.poznanbrass.pl\/index.php?rest_route=%2Fwp%2Fv2%2Fmedia&parent=333"}],"curies":[{"name":"wp","href":"https:\/\/api.w.org\/{rel}","templated":true}]}}