{"id":335,"date":"2020-10-15T00:37:51","date_gmt":"2020-10-14T22:37:51","guid":{"rendered":"https:\/\/test.poznanbrass.pl\/?page_id=335"},"modified":"2020-10-17T13:29:29","modified_gmt":"2020-10-17T11:29:29","slug":"jacek-kortylewicz","status":"publish","type":"page","link":"https:\/\/www.poznanbrass.pl\/?page_id=335","title":{"rendered":"Jacek Kortylewicz &#8211; tuba"},"content":{"rendered":"\n<div class=\"wp-block-media-text alignwide has-media-on-the-right is-stacked-on-mobile is-vertically-aligned-top\"><figure class=\"wp-block-media-text__media\"><img loading=\"lazy\" width=\"321\" height=\"321\" src=\"https:\/\/test.poznanbrass.pl\/wp-content\/uploads\/2020\/09\/jacek_kortylewicz-edited.jpg\" alt=\"\" class=\"wp-image-109\" srcset=\"https:\/\/www.poznanbrass.pl\/wp-content\/uploads\/2020\/09\/jacek_kortylewicz-edited.jpg 321w, https:\/\/www.poznanbrass.pl\/wp-content\/uploads\/2020\/09\/jacek_kortylewicz-edited-300x300.jpg 300w, https:\/\/www.poznanbrass.pl\/wp-content\/uploads\/2020\/09\/jacek_kortylewicz-edited-150x150.jpg 150w, https:\/\/www.poznanbrass.pl\/wp-content\/uploads\/2020\/09\/jacek_kortylewicz-edited-100x100.jpg 100w\" sizes=\"(max-width: 321px) 100vw, 321px\" \/><\/figure><div class=\"wp-block-media-text__content\">\n<p>Jacek Kortylewicz kszta\u0142ci\u0142 si\u0119 w Zespole Szk\u00f3\u0142 Muzycznych II st. w Poznaniu oraz w Pa\u0144stwowej Szkole Muzycznej II st. w Koninie. W latach 1983\u20131989 obejmowa\u0142 stanowisko solisty Orkiestry Reprezentacyjnej Wojsk Lotniczych i Obrony Powietrznej w Poznaniu. Nast\u0119pnie by\u0142 1. tubist\u0105. Filharmonii Dolno\u015bl\u0105skiej w Jeleniej G\u00f3rze oraz orkiestry Teatru Miejskiego w G\u00f6rlitz. W latach 1984-1991 by\u0142 zwi\u0105zany z Lubuskim Biurem Koncertowym, uczestnicz\u0105c w ponad 7000 koncert\u00f3w dla dzieci i m\u0142odzie\u017cy. Wsp\u00f3\u0142pracowa\u0142 z wi\u0119kszo\u015bci\u0105 polskich filharmonii, m.in. Filharmoni\u0105 Pozna\u0144sk\u0105, Filharmoni\u0105 Sudeck\u0105 w Wa\u0142brzychu, Filharmoni\u0105 Podlask\u0105 w Bia\u0142ymstoku oraz Filharmoni\u0105 Wroc\u0142awsk\u0105. Od roku 1999 jest 1. tubist\u0105 orkiestry Teatru Wielkiego w Poznaniu. Prowadzi dzia\u0142alno\u015b\u0107 edukacyjn\u0105 jako instruktor i dyrygent orkiestr d\u0119tych Wielkopolski. Obecnie pe\u0142ni funkcj\u0119 kapelmistrza K\u00f3rnickiej Orkiestry D\u0119tej. Jest za\u0142o\u017cycielem i kierownikiem zespo\u0142u Pozna\u0144 Brass.<\/p>\n<\/div><\/div>\n","protected":false},"excerpt":{"rendered":"<p>Jacek Kortylewicz kszta\u0142ci\u0142 si\u0119 w Zespole Szk\u00f3\u0142 Muzycznych II st. w Poznaniu oraz w Pa\u0144stwowej Szkole Muzycznej II st. w Koninie. W latach 1983\u20131989 obejmowa\u0142 stanowisko solisty Orkiestry Reprezentacyjnej Wojsk Lotniczych i Obrony Powietrznej w Poznaniu. Nast\u0119pnie by\u0142 1. tubist\u0105. Filharmonii Dolno\u015bl\u0105skiej w Jeleniej G\u00f3rze oraz orkiestry Teatru Miejskiego w G\u00f6rlitz. W latach 1984-1991 by\u0142 &hellip; <\/p>\n<p class=\"link-more\"><a href=\"https:\/\/www.poznanbrass.pl\/?page_id=335\" class=\"more-link\">Czytaj dalej<span class=\"screen-reader-text\"> Jacek Kortylewicz &#8211; tuba<\/span><\/a><\/p>\n","protected":false},"author":1,"featured_media":0,"parent":0,"menu_order":0,"comment_status":"closed","ping_status":"closed","template":"","meta":[],"_links":{"self":[{"href":"https:\/\/www.poznanbrass.pl\/index.php?rest_route=\/wp\/v2\/pages\/335"}],"collection":[{"href":"https:\/\/www.poznanbrass.pl\/index.php?rest_route=\/wp\/v2\/pages"}],"about":[{"href":"https:\/\/www.poznanbrass.pl\/index.php?rest_route=\/wp\/v2\/types\/page"}],"author":[{"embeddable":true,"href":"https:\/\/www.poznanbrass.pl\/index.php?rest_route=\/wp\/v2\/users\/1"}],"replies":[{"embeddable":true,"href":"https:\/\/www.poznanbrass.pl\/index.php?rest_route=%2Fwp%2Fv2%2Fcomments&post=335"}],"version-history":[{"count":7,"href":"https:\/\/www.poznanbrass.pl\/index.php?rest_route=\/wp\/v2\/pages\/335\/revisions"}],"predecessor-version":[{"id":431,"href":"https:\/\/www.poznanbrass.pl\/index.php?rest_route=\/wp\/v2\/pages\/335\/revisions\/431"}],"wp:attachment":[{"href":"https:\/\/www.poznanbrass.pl\/index.php?rest_route=%2Fwp%2Fv2%2Fmedia&parent=335"}],"curies":[{"name":"wp","href":"https:\/\/api.w.org\/{rel}","templated":true}]}}