{"id":364,"date":"2020-10-15T23:18:18","date_gmt":"2020-10-15T21:18:18","guid":{"rendered":"https:\/\/test.poznanbrass.pl\/?page_id=364"},"modified":"2024-10-20T15:26:18","modified_gmt":"2024-10-20T13:26:18","slug":"media","status":"publish","type":"page","link":"https:\/\/www.poznanbrass.pl\/?page_id=364","title":{"rendered":"Media"},"content":{"rendered":"\n<figure class=\"wp-block-embed is-type-video is-provider-youtube wp-block-embed-youtube wp-embed-aspect-16-9 wp-has-aspect-ratio\"><div class=\"wp-block-embed__wrapper\">\n<iframe loading=\"lazy\" title=\"POZNA\u0143 BRASS - KLUCZBORK 13.10.2024\" width=\"525\" height=\"295\" src=\"https:\/\/www.youtube.com\/embed\/o3ljmblRF1M?feature=oembed\" frameborder=\"0\" allow=\"accelerometer; autoplay; clipboard-write; encrypted-media; gyroscope; picture-in-picture; web-share\" referrerpolicy=\"strict-origin-when-cross-origin\" allowfullscreen><\/iframe>\n<\/div><figcaption>L. Bernstein &#8211; <em>Maria<\/em> &#8211; 13 pa\u017adziernika 2024<\/figcaption><\/figure>\n\n\n\n<figure class=\"wp-block-embed is-type-video is-provider-youtube wp-block-embed-youtube wp-embed-aspect-16-9 wp-has-aspect-ratio\"><div class=\"wp-block-embed__wrapper\">\n<iframe loading=\"lazy\" title=\"XXXVIII Kartuski Festiwal Muzyki Organowej i Kameralnej\" width=\"525\" height=\"295\" src=\"https:\/\/www.youtube.com\/embed\/Z22vI-glLgY?feature=oembed\" frameborder=\"0\" allow=\"accelerometer; autoplay; clipboard-write; encrypted-media; gyroscope; picture-in-picture; web-share\" referrerpolicy=\"strict-origin-when-cross-origin\" allowfullscreen><\/iframe>\n<\/div><figcaption>J. S. Bach &#8211; <em>Toccata i fuga d-moll<\/em> (aran\u017cacja Mariusz Matuszewski) &#8211; 5 lipca 2020 r.<\/figcaption><\/figure>\n\n\n\n<p>Le\u017cajsk<\/p>\n\n\n\n<p>Filharmonia Lubelska<\/p>\n\n\n\n<figure class=\"wp-block-embed is-type-video is-provider-youtube wp-block-embed-youtube wp-embed-aspect-4-3 wp-has-aspect-ratio\"><div class=\"wp-block-embed__wrapper\">\n<iframe loading=\"lazy\" title=\"Filharmonia Lubelska - 09.11.2008 POZNA\u0143 BRASS\" width=\"525\" height=\"394\" src=\"https:\/\/www.youtube.com\/embed\/uzJ3cxzzxYI?feature=oembed\" frameborder=\"0\" allow=\"accelerometer; autoplay; clipboard-write; encrypted-media; gyroscope; picture-in-picture; web-share\" referrerpolicy=\"strict-origin-when-cross-origin\" allowfullscreen><\/iframe>\n<\/div><\/figure>\n\n\n\n<figure class=\"wp-block-embed is-type-video is-provider-youtube wp-block-embed-youtube wp-embed-aspect-4-3 wp-has-aspect-ratio\"><div class=\"wp-block-embed__wrapper\">\n<iframe loading=\"lazy\" title=\"Filharmonia Lubelska - 09.11.2008 POZNA\u0143 BRASS\" width=\"525\" height=\"394\" src=\"https:\/\/www.youtube.com\/embed\/j0xi9ZfXA18?feature=oembed\" frameborder=\"0\" allow=\"accelerometer; autoplay; clipboard-write; encrypted-media; gyroscope; picture-in-picture; web-share\" referrerpolicy=\"strict-origin-when-cross-origin\" allowfullscreen><\/iframe>\n<\/div><\/figure>\n\n\n\n<p>Oborniki Wlkp.<\/p>\n\n\n\n<figure class=\"wp-block-embed is-type-video is-provider-youtube wp-block-embed-youtube wp-embed-aspect-4-3 wp-has-aspect-ratio\"><div class=\"wp-block-embed__wrapper\">\n<iframe loading=\"lazy\" title=\"Koncert Karnawa\u0142owy Pozna\u0144 Brass 11.02.2013 OOK Oborniki\" width=\"525\" height=\"394\" src=\"https:\/\/www.youtube.com\/embed\/kqR0N6Mdxf0?feature=oembed\" frameborder=\"0\" allow=\"accelerometer; autoplay; clipboard-write; encrypted-media; gyroscope; picture-in-picture; web-share\" referrerpolicy=\"strict-origin-when-cross-origin\" allowfullscreen><\/iframe>\n<\/div><\/figure>\n\n\n\n<p>Pozna\u0144 AM<\/p>\n\n\n\n<figure class=\"wp-block-embed is-type-video is-provider-youtube wp-block-embed-youtube wp-embed-aspect-16-9 wp-has-aspect-ratio\"><div class=\"wp-block-embed__wrapper\">\n<iframe loading=\"lazy\" title=\"POZNA\u0143 BRASS - Czeska Ludowa (arr.Dominik Strouhal) - NEDALEKO OD TRENCINA\" width=\"525\" height=\"295\" src=\"https:\/\/www.youtube.com\/embed\/LxZOHB0oHYY?feature=oembed\" frameborder=\"0\" allow=\"accelerometer; autoplay; clipboard-write; encrypted-media; gyroscope; picture-in-picture; web-share\" referrerpolicy=\"strict-origin-when-cross-origin\" allowfullscreen><\/iframe>\n<\/div><\/figure>\n\n\n\n<figure class=\"wp-block-embed is-type-video is-provider-youtube wp-block-embed-youtube wp-embed-aspect-16-9 wp-has-aspect-ratio\"><div class=\"wp-block-embed__wrapper\">\n<iframe loading=\"lazy\" title=\"POZNA\u0143 BRASS - TRADITIONAL (arr. Mnozil Brass) - D&#039;lustige Schwoagerin\" width=\"525\" height=\"295\" src=\"https:\/\/www.youtube.com\/embed\/1R5fBASyCgs?feature=oembed\" frameborder=\"0\" allow=\"accelerometer; autoplay; clipboard-write; encrypted-media; gyroscope; picture-in-picture; web-share\" referrerpolicy=\"strict-origin-when-cross-origin\" allowfullscreen><\/iframe>\n<\/div><\/figure>\n\n\n\n<p>Pozna\u0144 Fara<\/p>\n\n\n\n<figure class=\"wp-block-embed is-type-video is-provider-youtube wp-block-embed-youtube wp-embed-aspect-4-3 wp-has-aspect-ratio\"><div class=\"wp-block-embed__wrapper\">\n<iframe loading=\"lazy\" title=\"POZNA\u0143 BRASS - Fryderyk Chopin\/P.J. Lawrence - Ballade As-dur, Op. 47 nr 3\" width=\"525\" height=\"394\" src=\"https:\/\/www.youtube.com\/embed\/LACPCDINV3A?feature=oembed\" frameborder=\"0\" allow=\"accelerometer; autoplay; clipboard-write; encrypted-media; gyroscope; picture-in-picture; web-share\" referrerpolicy=\"strict-origin-when-cross-origin\" allowfullscreen><\/iframe>\n<\/div><\/figure>\n\n\n\n<figure class=\"wp-block-embed is-type-video is-provider-youtube wp-block-embed-youtube wp-embed-aspect-4-3 wp-has-aspect-ratio\"><div class=\"wp-block-embed__wrapper\">\n<iframe loading=\"lazy\" title=\"POZNA\u0143 BRASS - Fryderyk Chopin\/Hans Hartwig - Etuida E-dur, Op.10 nr 3 (Tristesse)\" width=\"525\" height=\"394\" src=\"https:\/\/www.youtube.com\/embed\/t1sGD1f1jzI?feature=oembed\" frameborder=\"0\" allow=\"accelerometer; autoplay; clipboard-write; encrypted-media; gyroscope; picture-in-picture; web-share\" referrerpolicy=\"strict-origin-when-cross-origin\" allowfullscreen><\/iframe>\n<\/div><\/figure>\n\n\n\n<figure class=\"wp-block-embed is-type-video is-provider-youtube wp-block-embed-youtube wp-embed-aspect-4-3 wp-has-aspect-ratio\"><div class=\"wp-block-embed__wrapper\">\n<iframe loading=\"lazy\" title=\"POZNA\u0143 BRASS - Fryderyk Chopin\/P.J. Lawrence - Ballade As-dur, Op. 47 nr 3\" width=\"525\" height=\"394\" src=\"https:\/\/www.youtube.com\/embed\/LACPCDINV3A?feature=oembed\" frameborder=\"0\" allow=\"accelerometer; autoplay; clipboard-write; encrypted-media; gyroscope; picture-in-picture; web-share\" referrerpolicy=\"strict-origin-when-cross-origin\" allowfullscreen><\/iframe>\n<\/div><\/figure>\n","protected":false},"excerpt":{"rendered":"<p>Le\u017cajsk Filharmonia Lubelska Oborniki Wlkp. Pozna\u0144 AM Pozna\u0144 Fara<\/p>\n","protected":false},"author":1,"featured_media":0,"parent":0,"menu_order":0,"comment_status":"closed","ping_status":"closed","template":"","meta":[],"_links":{"self":[{"href":"https:\/\/www.poznanbrass.pl\/index.php?rest_route=\/wp\/v2\/pages\/364"}],"collection":[{"href":"https:\/\/www.poznanbrass.pl\/index.php?rest_route=\/wp\/v2\/pages"}],"about":[{"href":"https:\/\/www.poznanbrass.pl\/index.php?rest_route=\/wp\/v2\/types\/page"}],"author":[{"embeddable":true,"href":"https:\/\/www.poznanbrass.pl\/index.php?rest_route=\/wp\/v2\/users\/1"}],"replies":[{"embeddable":true,"href":"https:\/\/www.poznanbrass.pl\/index.php?rest_route=%2Fwp%2Fv2%2Fcomments&post=364"}],"version-history":[{"count":6,"href":"https:\/\/www.poznanbrass.pl\/index.php?rest_route=\/wp\/v2\/pages\/364\/revisions"}],"predecessor-version":[{"id":712,"href":"https:\/\/www.poznanbrass.pl\/index.php?rest_route=\/wp\/v2\/pages\/364\/revisions\/712"}],"wp:attachment":[{"href":"https:\/\/www.poznanbrass.pl\/index.php?rest_route=%2Fwp%2Fv2%2Fmedia&parent=364"}],"curies":[{"name":"wp","href":"https:\/\/api.w.org\/{rel}","templated":true}]}}