{"id":655,"date":"2023-04-15T15:57:21","date_gmt":"2023-04-15T13:57:21","guid":{"rendered":"https:\/\/www.poznanbrass.pl\/?page_id=655"},"modified":"2023-04-15T16:21:43","modified_gmt":"2023-04-15T14:21:43","slug":"mateusz-wolczanski-trabka","status":"publish","type":"page","link":"https:\/\/www.poznanbrass.pl\/?page_id=655","title":{"rendered":"Mateusz Wo\u0142cza\u0144ski &#8211; tr\u0105bka"},"content":{"rendered":"\n<figure class=\"wp-block-image size-large is-resized\"><img loading=\"lazy\" src=\"https:\/\/www.poznanbrass.pl\/wp-content\/uploads\/2023\/04\/Mateusz-Wolczanski-678x1024.jpg\" alt=\"\" class=\"wp-image-651\" width=\"282\" height=\"426\" srcset=\"https:\/\/www.poznanbrass.pl\/wp-content\/uploads\/2023\/04\/Mateusz-Wolczanski-678x1024.jpg 678w, https:\/\/www.poznanbrass.pl\/wp-content\/uploads\/2023\/04\/Mateusz-Wolczanski-199x300.jpg 199w, https:\/\/www.poznanbrass.pl\/wp-content\/uploads\/2023\/04\/Mateusz-Wolczanski-768x1160.jpg 768w, https:\/\/www.poznanbrass.pl\/wp-content\/uploads\/2023\/04\/Mateusz-Wolczanski-1017x1536.jpg 1017w, https:\/\/www.poznanbrass.pl\/wp-content\/uploads\/2023\/04\/Mateusz-Wolczanski.jpg 1356w\" sizes=\"(max-width: 282px) 100vw, 282px\" \/><figcaption>Mateusz Wo\u0142cza\u0144ski\nW 2008r. uko\u0144czy\u0142 Pa\u0144stwow\u0105 Szko\u0142\u0119 Muzyczn\u0105 II st. w Sanoku w klasie tr\u0105bki mgra Piotra Grabonia. Nast\u0119pnie w 2011r. uko\u0144czy\u0142 studia licencjackie oraz w 2013r. studia magisterskie na Akademii Muzycznej im. I.J. Paderewskiego w Poznaniu w klasie prof. Romana Grynia. W 2012r. uko\u0144czy\u0142 studia licencjackie na kierunku tr\u0105bki naturalnej w klasie prof. Johanna Plietzscha.\nPodczas studi\u00f3w uczestniczy\u0142 w wielu festiwalach, kursach i konkursach. W 2012r. zdoby\u0142 1 miejsce na Og\u00f3lnopolskim Konkursie \u201eEtiuda\u201d w Szczecinie. Doskonali\u0142 swoje umiej\u0119tno\u015bci na wielu kursach mistrzowskich, m.in. u Manfreda Bockschweigera, Conradina Grotha, Wolfganga Bauera, Marco Pierobona, Gabriela Cassone, Stanis\u0142awa Dziewiora, Igora Cecocho, Sebastiana So\u0142drzy\u0144skiego, Paula Archibalda i Andrea Tofanelliego. Od pocz\u0105tku studi\u00f3w zacz\u0105\u0142 wsp\u00f3\u0142prac\u0119 z wieloma polskimi orkiestrami i zespo\u0142ami, takimi jak: Filharmonia Pozna\u0144ska, Filharmonia Zielonog\u00f3rska, Filharmonia Gorzowska, Filharmonia Szczeci\u0144ska, Teatr Wielki w Poznaniu, Sinfonia Iuventus, Sinfonietta Cracovia, Sinfonietta Polonia, Teatr Muzyczny w Poznaniu, Castle Brass, Varsovia Brass, Orkiestra Collegium F, Dziubek Band, Narodowa Orkiestra D\u0119ta, Zesp\u00f3\u0142 Ta\u0144ca Ludowego Poligrodzianie. Od 2013r. jest pierwszym tr\u0119baczem w Orkiestrze Reprezentacyjnej Si\u0142 Powietrznych, a od 2019 roku prowadzi sekcj\u0119 tr\u0105bek w Orkiestrze D\u0119tej w \u015arodzie Wielkopolskiej.\n<\/figcaption><\/figure>\n","protected":false},"excerpt":{"rendered":"","protected":false},"author":1,"featured_media":0,"parent":0,"menu_order":0,"comment_status":"closed","ping_status":"closed","template":"","meta":[],"_links":{"self":[{"href":"https:\/\/www.poznanbrass.pl\/index.php?rest_route=\/wp\/v2\/pages\/655"}],"collection":[{"href":"https:\/\/www.poznanbrass.pl\/index.php?rest_route=\/wp\/v2\/pages"}],"about":[{"href":"https:\/\/www.poznanbrass.pl\/index.php?rest_route=\/wp\/v2\/types\/page"}],"author":[{"embeddable":true,"href":"https:\/\/www.poznanbrass.pl\/index.php?rest_route=\/wp\/v2\/users\/1"}],"replies":[{"embeddable":true,"href":"https:\/\/www.poznanbrass.pl\/index.php?rest_route=%2Fwp%2Fv2%2Fcomments&post=655"}],"version-history":[{"count":3,"href":"https:\/\/www.poznanbrass.pl\/index.php?rest_route=\/wp\/v2\/pages\/655\/revisions"}],"predecessor-version":[{"id":670,"href":"https:\/\/www.poznanbrass.pl\/index.php?rest_route=\/wp\/v2\/pages\/655\/revisions\/670"}],"wp:attachment":[{"href":"https:\/\/www.poznanbrass.pl\/index.php?rest_route=%2Fwp%2Fv2%2Fmedia&parent=655"}],"curies":[{"name":"wp","href":"https:\/\/api.w.org\/{rel}","templated":true}]}}