{"id":701,"date":"2023-10-21T20:26:25","date_gmt":"2023-10-21T18:26:25","guid":{"rendered":"https:\/\/www.poznanbrass.pl\/?page_id=701"},"modified":"2023-10-21T20:35:01","modified_gmt":"2023-10-21T18:35:01","slug":"jedrzej-mehring-euphonium","status":"publish","type":"page","link":"https:\/\/www.poznanbrass.pl\/?page_id=701","title":{"rendered":"J\u0119drzej Mehring &#8211; euphonium"},"content":{"rendered":"\n<figure class=\"wp-block-image size-large is-resized\"><img loading=\"lazy\" src=\"https:\/\/www.poznanbrass.pl\/wp-content\/uploads\/2023\/10\/DSC0747-719x1024.jpg\" alt=\"\" class=\"wp-image-700\" width=\"354\" height=\"503\" srcset=\"https:\/\/www.poznanbrass.pl\/wp-content\/uploads\/2023\/10\/DSC0747-719x1024.jpg 719w, https:\/\/www.poznanbrass.pl\/wp-content\/uploads\/2023\/10\/DSC0747-211x300.jpg 211w, https:\/\/www.poznanbrass.pl\/wp-content\/uploads\/2023\/10\/DSC0747-768x1094.jpg 768w, https:\/\/www.poznanbrass.pl\/wp-content\/uploads\/2023\/10\/DSC0747-1079x1536.jpg 1079w, https:\/\/www.poznanbrass.pl\/wp-content\/uploads\/2023\/10\/DSC0747-1438x2048.jpg 1438w, https:\/\/www.poznanbrass.pl\/wp-content\/uploads\/2023\/10\/DSC0747-scaled.jpg 1798w\" sizes=\"(max-width: 354px) 100vw, 354px\" \/><\/figure>\n\n\n\n<p>Urodzony w Wejherowie rozpocz\u0105\u0142 wykszta\u0142cenie w Pa\u0144stwowej Szkole Muzycznej I st. im. Fryderyka Chopina. W latach 2013-2018 uczy\u0142 si\u0119 w Og\u00f3lnokszta\u0142c\u0105cej Szkole Muzycznej I i II st. im. Feliksa Nowowiejskiego w Gda\u0144sku w klasie sakshornu tenorowego mgra Wojciecha Hewelta. Po uzyskaniu dyplomu z wyr\u00f3\u017cnieniem zacz\u0105\u0142 studia na Akademii Muzycznej w Krakowie w klasie eufonium dra hab. Jakuba Urba\u0144czyka. Na II roku studi\u00f3w magisterskich wyjecha\u0142 do W\u0142och w ramach programu Erasmus+ do Conservatorio di Musica G. Rossini in Pesaro, w klasie eufonium Erosa Sabbatani. Muzyczne wykszta\u0142cenie uko\u0144czy\u0142 z wyr\u00f3\u017cnieniem. Pobiera\u0142 nauki u takich osobisto\u015bci, jak: Steven Mead, Roland Szentpali, Thomas Ruedi, Thomas Leleu, Laimonas Masevi\u010dius, Dirk Hirthe, Zdzis\u0142aw Stolarczyk. Od 2017 roku wsp\u00f3\u0142pracuje z zespo\u0142ami: Opera Ba\u0142tycka, Narodowa Orkiestra Symfoniczna Polskiego Radia, Teatr Narodowy, Orchestre de Picardie, Filharmonia \u015al\u0105ska, Filharmonia Krakowska, Sinfonietta Cracovia, Narodowa Orkiestra D\u0119ta, Dziubek Band, Rebel Babel Ensamble. Do najwi\u0119kszych osi\u0105gni\u0119\u0107 nale\u017c\u0105: Z\u0142oto na II Mi\u0119dzynarodowym Konkursie Instrument\u00f3w D\u0119tych \u201eFinalis\u201d,&nbsp; II miejsce w 49. Og\u00f3lnopolskim Konkursie M\u0142odych Muzyk\u00f3w oraz trzykrotnie III miejsce na konkursach w Gda\u0144sku, Bydgoszczy i Sochaczewie w duecie \u201eBrasSmalLet\u2019s Duo\u201d z Bart\u0142omiejem Suttem. Obecnie pracuje w Orkiestrze Reprezentacyjnej Si\u0142 Powietrznych w Poznaniu.<\/p>\n","protected":false},"excerpt":{"rendered":"<p>Urodzony w Wejherowie rozpocz\u0105\u0142 wykszta\u0142cenie w Pa\u0144stwowej Szkole Muzycznej I st. im. Fryderyka Chopina. W latach 2013-2018 uczy\u0142 si\u0119 w Og\u00f3lnokszta\u0142c\u0105cej Szkole Muzycznej I i II st. im. Feliksa Nowowiejskiego w Gda\u0144sku w klasie sakshornu tenorowego mgra Wojciecha Hewelta. Po uzyskaniu dyplomu z wyr\u00f3\u017cnieniem zacz\u0105\u0142 studia na Akademii Muzycznej w Krakowie w klasie eufonium dra &hellip; <\/p>\n<p class=\"link-more\"><a href=\"https:\/\/www.poznanbrass.pl\/?page_id=701\" class=\"more-link\">Czytaj dalej<span class=\"screen-reader-text\"> J\u0119drzej Mehring &#8211; euphonium<\/span><\/a><\/p>\n","protected":false},"author":1,"featured_media":0,"parent":0,"menu_order":0,"comment_status":"closed","ping_status":"closed","template":"","meta":[],"_links":{"self":[{"href":"https:\/\/www.poznanbrass.pl\/index.php?rest_route=\/wp\/v2\/pages\/701"}],"collection":[{"href":"https:\/\/www.poznanbrass.pl\/index.php?rest_route=\/wp\/v2\/pages"}],"about":[{"href":"https:\/\/www.poznanbrass.pl\/index.php?rest_route=\/wp\/v2\/types\/page"}],"author":[{"embeddable":true,"href":"https:\/\/www.poznanbrass.pl\/index.php?rest_route=\/wp\/v2\/users\/1"}],"replies":[{"embeddable":true,"href":"https:\/\/www.poznanbrass.pl\/index.php?rest_route=%2Fwp%2Fv2%2Fcomments&post=701"}],"version-history":[{"count":3,"href":"https:\/\/www.poznanbrass.pl\/index.php?rest_route=\/wp\/v2\/pages\/701\/revisions"}],"predecessor-version":[{"id":706,"href":"https:\/\/www.poznanbrass.pl\/index.php?rest_route=\/wp\/v2\/pages\/701\/revisions\/706"}],"wp:attachment":[{"href":"https:\/\/www.poznanbrass.pl\/index.php?rest_route=%2Fwp%2Fv2%2Fmedia&parent=701"}],"curies":[{"name":"wp","href":"https:\/\/api.w.org\/{rel}","templated":true}]}}