{"id":78,"date":"2020-09-17T18:02:31","date_gmt":"2020-09-17T16:02:31","guid":{"rendered":"https:\/\/test.poznanbrass.pl\/?page_id=78"},"modified":"2023-04-15T16:56:07","modified_gmt":"2023-04-15T14:56:07","slug":"historia","status":"publish","type":"page","link":"https:\/\/www.poznanbrass.pl\/?page_id=78","title":{"rendered":"Historia"},"content":{"rendered":"\n<p class=\"has-medium-font-size\"><strong>Za\u0142o\u017cyciele<\/strong><\/p>\n\n\n\n<p><strong>Krzysztof Szafran<\/strong>&nbsp;\u2013 waltornia; pierwszy waltornista Filharmonii Pozna\u0144skiej do roku 1994, obecnie cz\u0142onek Capelli Zamku Rydzy\u0144skiego,<\/p>\n\n\n\n<p><strong>Romuald Peron<\/strong>&nbsp;\u2013 puzon; obecnie prowadzi zespo\u0142y w Warszawie,<\/p>\n\n\n\n<p><strong>Jacek Kortylewicz<\/strong>&nbsp; \u2013 tuba; muzyk-solista orkiestry Teatru Wielkiego w Poznaniu.<\/p>\n\n\n\n<p class=\"has-medium-font-size\"><strong>Pierwsze kroki<\/strong><\/p>\n\n\n\n<p>Na pomys\u0142 za\u0142o\u017cenia zespo\u0142u kameralnego na wz\u00f3r Canadian Brass (2 tr\u0105bki, r\u00f3g, puzon i tuba) wpadli latem 1989 roku trzej wymienieni powy\u017cej muzycy<\/p>\n\n\n\n<p>Rozmowy prowadzone by\u0142y z tr\u0119baczami : Romanem Gryniem, Mariuszem Pikulskim, Piotrem Go\u0142askim i Henrykiem Rze\u017anikiem.<\/p>\n\n\n\n<p>Piotr Go\u0142aski i Henryk Rze\u017anik zostali pierwszymi tr\u0119baczami Zespo\u0142u. Roman Gry\u0144 i Mariusz Pikulski pozostali w &#8222;rezerwie&#8221;.<\/p>\n\n\n\n<p>Po stworzeniu pe\u0142nego sk\u0142adu( we wrze\u015bniu 1990 roku) zesp\u00f3\u0142 rozpocz\u0105\u0142 pr\u00f3by, kt\u00f3re uwie\u0144czono pierwszym koncertem. Odby\u0142 si\u0119 on w Zamku Cesarskim 12 sierpnia 1991 roku w ramach cyklu \u201ePod Gwiazdami\u201d.<\/p>\n\n\n\n<p class=\"has-medium-font-size\"><strong>Pi\u0119ciolecie<\/strong><\/p>\n\n\n\n<p>Od czasu pierwszego koncertu do ko\u0144ca 1995 roku zagrali\u015bmy 75 koncert\u00f3w, w tym 11 festiwalowych, 6 zagranicznych oraz 3 z ch\u00f3rem.<\/p>\n\n\n\n<p><strong>Najwa\u017cniejszym koncertem tego okresu by\u0142 wyst\u0119p na Mi\u0119dzynarodowym Konkursie Zespo\u0142\u00f3w Kameralnych D\u0119tych Blaszanych w Moers (Niemcy), na kt\u00f3rym zaj\u0119li\u015bmy IV miejsce.<\/strong><\/p>\n\n\n\n<p>Warto zaznaczy\u0107, \u017ce ju\u017c w tym&nbsp;czasie rozpocz\u0119li\u015bmy szerok\u0105 dzia\u0142alno\u015b\u0107 edukacyjn\u0105 poprzez koncerty umuzykalniaj\u0105ce w szko\u0142ach po\u0142\u0105czone z pokazem instrument\u00f3w.<\/p>\n\n\n\n<p class=\"has-medium-font-size\"><strong>Lata 1996-1999<\/strong><\/p>\n\n\n\n<p>W drugim pi\u0119cioleciu zagrali\u015bmy 316 koncert\u00f3w, jednak ju\u017c w zmienionym sk\u0142adzie. Odszed\u0142 z zespo\u0142u Romuald Peron, a zast\u0105pi\u0142 go Zbigniew Starosta, kt\u00f3ry zagra\u0142 do czasu swojego odej\u015bcia 9 pa\u017adziernika 1999 roku 249 koncert\u00f3w.<\/p>\n\n\n\n<p>Od ko\u0144ca 1999 roku puzonist\u0105 zostaje Piotr Nobik, kt\u00f3ry do dzi\u015b jest cz\u0142onkiem zespo\u0142u. Do kwintetu do\u0142\u0105cza tr\u0119bacz Marek Galubi\u0144ski &#8211; pierwszy koncert zagra\u0142 jeszcze jako student 9 sierpnia 1995 roku w \u0141odzi-\u0141agiewnikach.<\/p>\n\n\n\n<p><strong>Najwa\u017cniejszym koncertem tego okresu by\u0142 koncert w Katedrze Berli\u0144skiej (Berliner Dom<\/strong>) <strong>29 sierpnia 1998 roku o godz. 18.00<\/strong>. Oto wykonawcy:<\/p>\n\n\n\n<div class=\"wp-container-1 wp-block-group\"><div class=\"wp-block-group__inner-container\">\n<ul><li>Roman Gry\u0144&nbsp; \u2013 tr\u0105bka,<\/li><li>Mariusz Pikulski \u2013 tr\u0105bka,<\/li><li>Roman Popio\u0142ek \u2013 waltornia,<\/li><li>Zbigniew Starosta \u2013 puzon,<\/li><li>Jacek Kortylewicz \u2013 tuba.<\/li><\/ul>\n<\/div><\/div>\n\n\n\n<p>Program koncertu:<\/p>\n\n\n\n<ol type=\"1\"><li>Melhior Franck \/ Mariusz Matuszewski \u2013 Intrada,<\/li><li>Michael Praetorius \u2013 Four Dances,<\/li><li>Giovanni Gabrielli \u2013 Canzona per Sonare nr 4,<\/li><li>Jan Sebastian Bach \u2013 Fuga g-moll , BWV 578<\/li><li>Antonio Vivaldi \u2013 Cztery Pory Roku \u2013 Wiosna,<\/li><li>Modest Mussorgski \u2013 Obrazki z wystawy \u2013 Suita,<\/li><li>Piotr Czajkowski \u2013 Dziadek do orzech\u00f3w <\/li><li>Suita J. Ph. Mouret \u2013 Rondeau.<\/li><\/ol>\n\n\n\n<p>W kraju go\u015bcili\u015bmy na 12 festiwalach. W roku 1999 polecieli\u015bmy na pierwsze tournee koncertowe po Hiszpanii z koncertami m.in. w Madrycie, Barcelonie i Bilbao (15 koncert\u00f3w).<\/p>\n\n\n\n<p><strong>Lata 2000-2009<\/strong><\/p>\n\n\n\n<p>Do&nbsp; 31 pa\u017adziernika&nbsp; 2009 przypad\u0142y nam w udziale 1092&nbsp; koncerty. W 2000 roku na II tournee hiszpa\u0144skim zagrali\u015bmy kilka koncert\u00f3w w p\u00f3\u0142nocnej cz\u0119\u015bci kraju, m.in. w Leon, Burgos i Vigo. Natomiast w roku 2005 polecieli\u015bmy do Cossato pod Mediolanem (W\u0142ochy) na festiwal muzyczny. Ten okres by\u0142 owocny w festiwale i&nbsp; inne wa\u017cne koncerty (48).<\/p>\n\n\n\n<p>Odnotowa\u0107 nale\u017cy r\u00f3wnie\u017c powi\u0119kszenie zespo\u0142u do o\u015bmiu muzyk\u00f3w, co sta\u0142o si\u0119 pod koniec 2007 roku. Do kwintetu do\u0142\u0105czyli: tr\u0119bacz, puzonista i perkusista. Tak rozbudowany sk\u0142ad daje nieprawdopodobne mo\u017cliwo\u015bci brzmieniowe, o czym przekonali si\u0119 s\u0142uchacze na X Mi\u0119dzynarodowym Festiwalu Muzyki Organowej i Kameralnej w bazylice Pelpli\u0144skiej 23 lipca 2008 roku, gdzie wyst\u0105pili\u015bmy w sk\u0142adzie:<\/p>\n\n\n\n<div class=\"wp-container-2 wp-block-group\"><div class=\"wp-block-group__inner-container\">\n<ul><li>Marek Galubi\u0144ski \u2013&nbsp; tr\u0105bka piccolo,<\/li><li>Piotr Go\u0142aski \u2013 tr\u0105bka,<\/li><li>Mariusz Pikulski \u2013 fligerhorn,<\/li><li>Roman Popio\u0142ek \u2013 r\u00f3g,<\/li><li>Piotr Nobik \u2013 puzon,<\/li><li>Piotr Bany\u015b \u2013 puzon,<\/li><li>Jacek Kortylewicz \u2013 tuba,<\/li><li>Adam Skrzypczak \u2013 perkusja.<\/li><\/ul>\n\n\n\n<p><\/p>\n<\/div><\/div>\n\n\n\n<p>To jednak nie koniec. Zesp\u00f3\u0142 rozwija si\u0119 nadal, co prowadzi\u00a0 do powstania <\/p>\n\n\n\n<p>POZNA\u0143 BRASS MAXI, sk\u0142adaj\u0105cego si\u0119 z jedenastu muzyk\u00f3w:<\/p>\n\n\n\n<div class=\"wp-container-3 wp-block-group\"><div class=\"wp-block-group__inner-container\">\n<ul><li>Marek Galubi\u0144ski \u2013 trabka,<\/li><li>Mariusz Pikulski&nbsp; \u2013 tr\u0105bka,<\/li><li>S\u0142awomir Framski \u2013 tr\u0105bka,<\/li><li>Piotr Go\u0142aski \u2013 tr\u0105bka,<\/li><li>Roman Popio\u0142ek \u2013 waltornia,<\/li><li>Karina Czajka \u2013 waltornia,<\/li><li>Piotr Nobik \u2013 puzon,<\/li><li>Piotr Bany\u015b \u2013 puzon,<\/li><li>Tomasz Kaczor \u2013 puzon,<\/li><li>Jacek Kortylewicz \u2013 tuba,<\/li><li>Adam Skrzypczak \u2013 perkusja.<\/li><\/ul>\n\n\n\n<p><\/p>\n<\/div><\/div>\n\n\n\n<p class=\"has-medium-font-size\"><strong>Lata 2010-2014<\/strong><\/p>\n\n\n\n<p>Pozna\u0144 Maxi Brass rozpoczyna dzia\u0142alno\u015b\u0107 koncertem w Z\u0105bkowicach \u015al\u0105skich w dniu 3.05.2010. W repertuarze muzyka \u015bwi\u0105teczn\u0105 i rozrywkow\u0105. 26.07.2010 koncert\u00a0 w Katedrze w Pucku. We wrze\u015bniu tego roku zaproszeni zostali\u015bmy na FESTIVAL DER NATIONEN do \u00a0Bad W\u00f6rishofen ko\u0142o Monachium. Zagrali\u015bmy tam koncert sk\u0142adaj\u0105cy si\u0119 z aran\u017cacji utwor\u00f3w Fryderyka Chopina. <strong>Rok 2011 to rok obchod\u00f3w XX lecia Zespo\u0142u<\/strong>. Koncert Jubileuszowy (nr 1139) odby\u0142 si\u0119 6 czerwca 2011 roku w Teatrze Polskim w Poznaniu. Sponsorami koncertu byli:<\/p>\n\n\n\n<div class=\"wp-container-4 wp-block-group\"><div class=\"wp-block-group__inner-container\">\n<ul><li>Urz\u0105d Marsza\u0142kowski Wojew\u00f3dztwa Wielkopolskiego,<\/li><li>Urz\u0105d Miasta Poznania,<\/li><li>Mi\u0119dzynarodowe Targi Pozna\u0144skie,<\/li><li>Brass Point \u2013 Nell Henglewska.<\/li><\/ul>\n<\/div><\/div>\n\n\n\n<p>Patronat obj\u0119li:<\/p>\n\n\n\n<div class=\"wp-container-5 wp-block-group\"><div class=\"wp-block-group__inner-container\">\n<ul><li>Marsza\u0142ek Wojew\u00f3dztwa Wielkopolskiego \u2013 Marek Wo\u017aniak,<\/li><li>Prezydent Miasta Poznania \u2013 Ryszard Grobelny,<\/li><li>G\u0142os Wielkopolski,<\/li><li>TVP 3,<\/li><li>IKS.<\/li><\/ul>\n<\/div><\/div>\n\n\n\n<p>Koncert poprowadzi\u0142 Andrzej \u0141yszyk, szef Agencji Artystyczno-Reklamowej <strong>IDEA<\/strong>. Go\u015bcinnie wyst\u0105pili:<\/p>\n\n\n\n<div class=\"wp-container-6 wp-block-group\"><div class=\"wp-block-group__inner-container\">\n<ul><li>Henryk Rze\u017anik \u2013 tr\u0105bka,<\/li><li>Tomasz Kaczor&nbsp; \u2013 tr\u0105bka,<\/li><li>Joanna Kubi\u015b \u2013 waltornia,<\/li><li>Zbigniew Starosta \u2013 puzon,<\/li><li>Jerzy Grabowski&nbsp; \u2013 tuba,<\/li><li>Ma\u0142gorzata Koperska \u2013 perkusja,<\/li><li>Mariusz Matuszewski \u2013 dyrygent.<\/li><\/ul>\n<\/div><\/div>\n\n\n\n<p><strong>27 sierpnia 2011 roku zmar\u0142 po ci\u0119\u017ckiej chorobie nasz pogodny i niezawodny perkusista Adam Skrzypczak. W uroczysto\u015bciach pogrzebowych 1.09.2011 wzi\u0105\u0142 udzia\u0142 ca\u0142y zesp\u00f3\u0142<em>.<\/em><\/strong> W grudniu 2011 roku odby\u0142 si\u0119 pierwszy koncert w ramach wsp\u00f3\u0142pracy z Uniwersytetem Ekonomicznym w Poznaniu (UEP). 15.12 zagra\u0142 koncert Kwartet Puzonowy Pozna\u0144 Brass, z muzyk\u0105 od epoki renesansu po lata 60 XX w. &nbsp;&nbsp;2012&nbsp;To rok dalszej wsp\u00f3\u0142pracy z UEP.: 16.02- w Auli Akademii Muzycznej zagrali\u015bmy w sk\u0142adzie 21-osobowym z solistami \u015bpiewakami. Publiczno\u015b\u0107 wype\u0142ni\u0142a wszystkie miejsca. 23.02 zagrali\u015bmy koncert z okazji 80. urodzin by\u0142ego Prezydenta Poznania i absolwenta UEP, Andrzeja Wituskiego. Na tym koncercie rozpocz\u0119li\u015bmy wsp\u00f3\u0142prac\u0119 z nowym perkusist\u0105 \u2013 Bart\u0142omiejem Krawczakiem. 31.05 odby\u0142 si\u0119 ostatni koncert w UEP \u2013 tym razem na otwarcie Skweru im.Romana Maciejewskiego (w sk\u0142adzie 19 muzyk\u00f3w). Cykl koncert\u00f3w w UEP by\u0142 pomys\u0142em ekonomisty-artysty Andrzeja Kura z UEP. 26.07.2012 po raz pierwszy go\u015bcili\u015bmy na Mi\u0119dzynarodowym Festiwalu Muzyki Organowej i Kameralnej w Le\u017cajsku.<\/p>\n\n\n\n<p>W roku 2013 mimo wszechobecnego kryzysu zesp\u00f3\u0142 zagra\u0142 45 koncert\u00f3w. Najwa\u017cniejsze z nich to: <\/p>\n\n\n\n<p>\u2013 koncert podczas Gali Polskiego Mi\u0119sa na Mi\u0119dzynarodowych Targach Pozna\u0144skich \u2013 24.09.2013, <\/p>\n\n\n\n<p>\u2013 koncert na Mi\u0119dzynarodowym Festiwalu Muzyki Organowej i Kameralnej w katedrze szczeci\u0144skiej &#8211; 17.08.2013, podczas kt\u00f3rego premier\u0119 w naszym wykonaniu mia\u0142a \u201eMa\u0142a Uwertura\u201d Witolda Lutos\u0142awskiego, <\/p>\n\n\n\n<p>\u2013 koncert na Dworze Artusa w Gda\u0144sku \u2013 10.08.2013,<\/p>\n\n\n\n<p> \u2013 koncert noworoczny z udzia\u0142em artyst\u00f3w Teatru Wielkiego w Poznaniu (dw\u00f3ch solist\u00f3w \u015bpiewak\u00f3w oraz para baletowa) w Uniwersytecie Technologicznym 23.01.2013. <\/p>\n\n\n\n<p>Pod koniec roku rozpocz\u0119li\u015bmy pr\u00f3by do naszej nowej produkcji, pod tytu\u0142em BRASSCABARET. Re\u017cyserem zosta\u0142 dyrektor agencji artystycznej IDEA \u2013 Andrzej \u0141yszyk, a choreografem Alicja Curujew \u2013 profesor Szko\u0142y Baletowej w Poznaniu. W planach by\u0142 to oko\u0142o 90-minutowy wyst\u0119p, sk\u0142adaj\u0105cy si\u0119 z r\u00f3\u017cnych gag\u00f3w powi\u0105zanych z muzyk\u0105 klasyczn\u0105 i rozrywkow\u0105. Odby\u0142y si\u0119 dwa koncerty tej produkcji. W naszym kraju nie by\u0142o zapotrzebowania na ten rodzaj rozrywki. A szkoda.<\/p>\n\n\n\n<p class=\"has-medium-font-size\"><strong>2014<\/strong><\/p>\n\n\n\n<p>Min\u0119\u0142o kolejne pi\u0119\u0107 lat naszej dzia\u0142alno\u015bci koncertowej (2010-2014). W tym okresie zagrali\u015bmy 195 koncert\u00f3w. W roku 2014 zagrali\u015bmy 63 koncerty. Poza wyst\u0119pami najwa\u017cniejszym wydarzeniem jest rozpocz\u0119cie pr\u00f3b do projektu realizowanego wsp\u00f3lnie z Agencj\u0105 Artystyczn\u0105 IDEA Andrzeja \u0141yszyka. Pr\u00f3by odbywaj\u0105 si\u0119 \u2013 dzi\u0119ki uprzejmo\u015bci dyrekcji \u2013 w Teatrze Wielkim w Poznaniu.<\/p>\n\n\n\n<p>Najwa\u017cniejsze koncerty  w latach 2010\u20132014: Bad Muskau \u2013 Niemcy (2010, 2014), Ko\u015bci\u00f3\u0142 Farny Puck 2010, Festival Der Nationen \u2013 Monachium 2010, Festiwal Muzyczny Cottbus 2010, Koncert Dwudziestolecia 2011, Cykl koncert\u00f3w dla Uniwersytetu Ekonomicznego w Poznaniu 2012\/2013, Koncert Noworoczny dla &nbsp;Uniwersytetu Technologicznego 2013, koncerty w Dworze Artusa w Gda\u0144sku 2013\/2014, w Zamku w Lublinie 2014, Mi\u0119dzynarodowy Festiwal Muzyki Organowej i Kameralnej w Szczecinie 2013, Turniej Tenor\u00f3w na MTP 2013, Koncert na Zamku Janowiec dla Mostostalu Pu\u0142awy 2014.<\/p>\n\n\n\n<p>W roku 2011 rozpocz\u0119li\u015bmy wsp\u00f3\u0142prac\u0119 ze Stowarzyszeniem Rze\u017anik\u00f3w i W\u0119dliniarzy w Warszawie.<\/p>\n\n\n\n<p class=\"has-medium-font-size\"><strong>Lata 2015-2018<\/strong><\/p>\n\n\n\n<p><strong>W roku 2015 kontynuowali\u015bmy pr\u00f3by BRASSCABARETU.<\/strong><br>Mimo ogromnej pracy w\u0142o\u017conej w ten program uda\u0142o si\u0119 zagra\u0107 BRASSCABARET tylko dwa  razy .<\/p>\n\n\n\n<p><strong>Od 2017 roku zmienia si\u0119 sk\u0142ad kwintetu.<\/strong><br>Na tr\u0105bkach graj\u0105 Karol Koczur, Joachim Rufael;<br>Na rogu Damian Lotycz;<br>Na puzonie Mateusz Weso\u0142owski;<br>Na tubie &#8211; niezmiennie &#8211; Jacek Kortylewicz.<br><strong><br>Sk\u0142ad podw\u00f3jny nie ulega zmianie, a wi\u0119c:<\/strong><br>Marek Galubi\u0144ski, Mariusz Pikulski, S\u0142awomir Framski, Piotr Go\u0142aski \u2013 tr\u0105bki;<br>Roman Popio\u0142ek,&nbsp;Damian Lotycz \u2013 waltornie;<br>Piotr Bany\u015b, Piotr Nobik i Tomasz Kaczor \u2013 puzony;<br>Jacek Kortylewicz \u2013 tuba.<\/p>\n\n\n\n<p>Okazjonalnie wsp\u00f3\u0142pracowali\u015bmy z perkusistami: Aleksandr\u0105 Dzwonkowsk\u0105 i Bart\u0142omiejem Krawczakiem.<\/p>\n\n\n\n<p><strong>Rok 2017<\/strong>&nbsp;to powr\u00f3t na najwa\u017cniejsze festiwale muzyki kameralnej w Polsce, czyli Festiwal w Kamieniu Pomorskim i Le\u017cajsku. R\u00f3wnie\u017c powt\u00f3rnie wykonali\u015bmy koncert w ratuszu w Oldenburgu (Niemcy). Z wielk\u0105 przyjemno\u015bci\u0105 go\u015bcili\u015bmy na koncertach we Filharmonii Zielonog\u00f3rskiej. Oczywi\u015bcie to najwa\u017cniejsze z 42 koncert\u00f3w w 2017 roku.<\/p>\n\n\n\n<p><strong>Lata po roku 2018<\/strong><\/p>\n\n\n\n<div class=\"wp-container-8 wp-block-group\"><div class=\"wp-block-group__inner-container\">\n<div class=\"wp-container-7 wp-block-group\"><div class=\"wp-block-group__inner-container\">\n<p>Do najwa\u017cniejszych wyst\u0119p\u00f3w w roku 2018 mo\u017cna zaliczy\u0107 nasz udzia\u0142 w festiwalu \u201eMuzyka nie zna granic\u201d w Czechach (Ostrawa, Hat&#8217;, Darkovice), a tak\u017ce koncerty w ramach festiwali muzyki organowej i kameralnej w Le\u017cajsku, Lubsku i Wolsztynie. W roku 2019 zagrali\u015bmy w Poznaniu, Zielonej G\u00f3rze, Obornikach, Jaros\u0142awiu, Mys\u0142owicach, Przemy\u015blu i Kielcach.<\/p>\n\n\n\n<p>Sk\u0142ad zespo\u0142u ewoluuje. Jako kwintet wyst\u0119pujemy od tego czasu w obsadzie:<\/p>\n\n\n\n<ul id=\"block-a9011c41-76d5-478d-8581-c7e659082ac6\"><li>Pawe\u0142 Zadro\u017cniak i S\u0142awomir Framski &#8211; tr\u0105bki<\/li><li>Damian Lotycz &#8211; r\u00f3g<\/li><li>Tomasz Kaczor &#8211; puzon<\/li><li>Jacek Kortylewicz &#8211; tuba<\/li><\/ul>\n\n\n\n<p>W roku 2020 &#8211; jubileuszowym dla zespo\u0142u &#8211; najwa\u017cniejszym wydarzeniem mia\u0142 by\u0107 koncert XXX-lecia. Niestety ograniczenia zwi\u0105zane z pandemi\u0105 zmusi\u0142y nas do zmiany plan\u00f3w. Obchody jubileuszu od\u0142o\u017cyli\u015bmy wi\u0119c na rok 2021. Odwo\u0142ano lub prze\u0142o\u017cono r\u00f3wnie\u017c wiele festiwali, na kt\u00f3re byli\u015bmy zaproszeni. Mamy nadziej\u0119, \u017ce w przysz\u0142ym roku sytuacja ustabilizuje si\u0119 i b\u0119dziemy mogli bezpiecznie kontynuowa\u0107 nasz\u0105 dzia\u0142alno\u015b\u0107 artystyczn\u0105. Pomimo pandemii uda\u0142o nam si\u0119 zagra\u0107 na XXXVIII Kartuskim Festiwalu Muzyki Organowej i Kameralnej, na XX Koncertach w Bazylice Katedralnej w Ko\u0142obrzegu oraz na Mi\u0119dzynarodowym Festiwalu Muzyki Organowej i Kameralnej w Drezdenku.<\/p>\n\n\n\n<p>W roku 2022 w sk\u0142adzie zespo\u0142u zasz\u0142y nast\u0119puj\u0105ce zmiany: w tr\u0105bkach Mateusz Wo\u0142cza\u0144ski zast\u0105pi\u0142 S\u0142awomira Framskiego, natomiast zamiast puzonisty Tomasza Kaczora gra obecnie Artur Mross na euphonium. W ten spos\u00f3b Pozna\u0144 Brass sta\u0142 si\u0119 jedynym zespo\u0142em kameralnym maj\u0105cym w sk\u0142adzie ten instrument.W latach 2018 &#8211; 2022 zagrali\u015bmy 138 koncert\u00f3w.<\/p>\n\n\n\n<p><\/p>\n<\/div><\/div>\n<\/div><\/div>\n","protected":false},"excerpt":{"rendered":"<p>Za\u0142o\u017cyciele Krzysztof Szafran&nbsp;\u2013 waltornia; pierwszy waltornista Filharmonii Pozna\u0144skiej do roku 1994, obecnie cz\u0142onek Capelli Zamku Rydzy\u0144skiego, Romuald Peron&nbsp;\u2013 puzon; obecnie prowadzi zespo\u0142y w Warszawie, Jacek Kortylewicz&nbsp; \u2013 tuba; muzyk-solista orkiestry Teatru Wielkiego w Poznaniu. Pierwsze kroki Na pomys\u0142 za\u0142o\u017cenia zespo\u0142u kameralnego na wz\u00f3r Canadian Brass (2 tr\u0105bki, r\u00f3g, puzon i tuba) wpadli latem 1989 roku &hellip; <\/p>\n<p class=\"link-more\"><a href=\"https:\/\/www.poznanbrass.pl\/?page_id=78\" class=\"more-link\">Czytaj dalej<span class=\"screen-reader-text\"> Historia<\/span><\/a><\/p>\n","protected":false},"author":1,"featured_media":0,"parent":0,"menu_order":0,"comment_status":"closed","ping_status":"closed","template":"","meta":[],"_links":{"self":[{"href":"https:\/\/www.poznanbrass.pl\/index.php?rest_route=\/wp\/v2\/pages\/78"}],"collection":[{"href":"https:\/\/www.poznanbrass.pl\/index.php?rest_route=\/wp\/v2\/pages"}],"about":[{"href":"https:\/\/www.poznanbrass.pl\/index.php?rest_route=\/wp\/v2\/types\/page"}],"author":[{"embeddable":true,"href":"https:\/\/www.poznanbrass.pl\/index.php?rest_route=\/wp\/v2\/users\/1"}],"replies":[{"embeddable":true,"href":"https:\/\/www.poznanbrass.pl\/index.php?rest_route=%2Fwp%2Fv2%2Fcomments&post=78"}],"version-history":[{"count":17,"href":"https:\/\/www.poznanbrass.pl\/index.php?rest_route=\/wp\/v2\/pages\/78\/revisions"}],"predecessor-version":[{"id":676,"href":"https:\/\/www.poznanbrass.pl\/index.php?rest_route=\/wp\/v2\/pages\/78\/revisions\/676"}],"wp:attachment":[{"href":"https:\/\/www.poznanbrass.pl\/index.php?rest_route=%2Fwp%2Fv2%2Fmedia&parent=78"}],"curies":[{"name":"wp","href":"https:\/\/api.w.org\/{rel}","templated":true}]}}