{"id":81,"date":"2020-09-17T18:07:02","date_gmt":"2020-09-17T16:07:02","guid":{"rendered":"https:\/\/test.poznanbrass.pl\/?page_id=81"},"modified":"2023-04-15T16:58:32","modified_gmt":"2023-04-15T14:58:32","slug":"wspolpraca","status":"publish","type":"page","link":"https:\/\/www.poznanbrass.pl\/?page_id=81","title":{"rendered":"Wsp\u00f3\u0142praca"},"content":{"rendered":"\n<p><strong>Firmy, kt\u00f3re skorzysta\u0142y z us\u0142ug zespo\u0142u:<\/strong><\/p>\n\n\n\n<ol type=\"1\"><li>Polskie Zio\u0142a\u00a0 Pozna\u0144 \u2013 18.12.1992,<\/li><li>UM Karpacz \u2013 05 \u2013 07.07.1996, 23- 25.08.1996,<\/li><li>ETC Swarz\u0119dz \u2013 30 \u2013 31.08.1996,<\/li><li>Huta Szk\u0142a \u201e Warta\u201d Sierak\u00f3w Wlkp. \u2013 13.09.1996,<\/li><li>CPC Amino-Knorr\u00a0 Pozna\u0144 \u2013 19.09.1996,<\/li><li>CAFE PRIMA Su\u0142aszewo \u2013 19.10.1996,<\/li><li>Nagrania dla Radia i TV \u2013 1995, 1997 \u2013 1999, 2002 ,2007 ,2008,<\/li><li>Zak\u0142ady Mi\u0119sne KO\u0141O \u2013 01.06.1997,<\/li><li>Pozna\u0144skie Zak\u0142ady Tytoniowe \u2013 07.04.1998,<\/li><li>Polskie Linie Lotnicze LOT \u2013 03 \u2013 06.11.1998,<\/li><li>MAKRO \u2013 08.05.1999,<\/li><li>Mi\u0119dzynarodowe Targi Pozna\u0144skie \u2013 11.12.1999, 12.12.1999, 08.02.1999, 02.12.2000,<\/li><li>Urz\u0105d Marsza\u0142kowski Wielkopolski \u2013 26.10.2001,\u00a0 17 \u2013 19.08.2002, 11.04.2017<\/li><li>ALCATEL \u2013 02.02.2002,<\/li><li>NIVEA \u2013 20.06.2002,<\/li><li>KOMPANIA PIWOWARSKA \u201eLECH\u201d \u2013 01.06.2004,<\/li><li>FLAXLIT Sady \u2013 31.05.2006,<\/li><li>O\u015brodek Kszta\u0142cenia Kadr SW \u2013 31.12.2007,<\/li><li>GRACE PREFORMANCE CHEMICALES\u00a0 \u2013 30.07.2007,<\/li><li>LORENZ\u00a0 \u2013 04.12.2008.<\/li><li>UNIWERSYTET EKONOMICZNY w POZNANIU od 15.12.2012,<\/li><li>Stowarzyszenie Rze\u017anik\u00f3w Polskich od 11.05.2013, 2014-2021<\/li><li>Mostostal Pu\u0142awy 07.09.2014.<\/li><li>Urz\u0105d Marsza\u0142kowski Wielkopolski:\u00a0 koncert w Teatrze Wielkim w Poznaniu z okazji \u015awi\u0119ta Lekarzy 11.04.2017<\/li><li>UAM\u00a0 24.03.2017<\/li><\/ol>\n\n\n\n<p><strong>Zapraszamy do wsp\u00f3\u0142pracy.<\/strong><\/p>\n","protected":false},"excerpt":{"rendered":"<p>Firmy, kt\u00f3re skorzysta\u0142y z us\u0142ug zespo\u0142u: Polskie Zio\u0142a\u00a0 Pozna\u0144 \u2013 18.12.1992, UM Karpacz \u2013 05 \u2013 07.07.1996, 23- 25.08.1996, ETC Swarz\u0119dz \u2013 30 \u2013 31.08.1996, Huta Szk\u0142a \u201e Warta\u201d Sierak\u00f3w Wlkp. \u2013 13.09.1996, CPC Amino-Knorr\u00a0 Pozna\u0144 \u2013 19.09.1996, CAFE PRIMA Su\u0142aszewo \u2013 19.10.1996, Nagrania dla Radia i TV \u2013 1995, 1997 \u2013 1999, 2002 ,2007 &hellip; <\/p>\n<p class=\"link-more\"><a href=\"https:\/\/www.poznanbrass.pl\/?page_id=81\" class=\"more-link\">Czytaj dalej<span class=\"screen-reader-text\"> Wsp\u00f3\u0142praca<\/span><\/a><\/p>\n","protected":false},"author":1,"featured_media":0,"parent":0,"menu_order":0,"comment_status":"closed","ping_status":"closed","template":"","meta":[],"_links":{"self":[{"href":"https:\/\/www.poznanbrass.pl\/index.php?rest_route=\/wp\/v2\/pages\/81"}],"collection":[{"href":"https:\/\/www.poznanbrass.pl\/index.php?rest_route=\/wp\/v2\/pages"}],"about":[{"href":"https:\/\/www.poznanbrass.pl\/index.php?rest_route=\/wp\/v2\/types\/page"}],"author":[{"embeddable":true,"href":"https:\/\/www.poznanbrass.pl\/index.php?rest_route=\/wp\/v2\/users\/1"}],"replies":[{"embeddable":true,"href":"https:\/\/www.poznanbrass.pl\/index.php?rest_route=%2Fwp%2Fv2%2Fcomments&post=81"}],"version-history":[{"count":2,"href":"https:\/\/www.poznanbrass.pl\/index.php?rest_route=\/wp\/v2\/pages\/81\/revisions"}],"predecessor-version":[{"id":677,"href":"https:\/\/www.poznanbrass.pl\/index.php?rest_route=\/wp\/v2\/pages\/81\/revisions\/677"}],"wp:attachment":[{"href":"https:\/\/www.poznanbrass.pl\/index.php?rest_route=%2Fwp%2Fv2%2Fmedia&parent=81"}],"curies":[{"name":"wp","href":"https:\/\/api.w.org\/{rel}","templated":true}]}}